{"id":2,"date":"2019-04-09T12:43:26","date_gmt":"2019-04-09T10:43:26","guid":{"rendered":"https:\/\/summer-camp.org\/sc_web\/?page_id=2"},"modified":"2023-03-20T21:38:15","modified_gmt":"2023-03-20T20:38:15","slug":"impressum","status":"publish","type":"page","link":"https:\/\/summer-camp.org\/sc_web\/impressum\/","title":{"rendered":"Impressum"},"content":{"rendered":"\n<p>Verantwortlich f\u00fcr den Inhalt dieser Website:<\/p>\n\n\n\n<p><strong>DESMA SCHUHMASCHINEN GMBH<\/strong><\/p>\n\n\n\n<p>Desmastra\u00dfe 3\/5<br>28832 Achim<br>Deutschland<\/p>\n\n\n\n<p>Tel.: +49 4202 990 0<br>Fax.: +49 4202 990 210<\/p>\n\n\n\n<p><a href=\"mailto:info@desma.de\">info@desma.de<\/a><br>www.desma.de<br>&nbsp;<\/p>\n\n\n\n<h4 class=\"wp-block-heading\">GESCH\u00c4FTSF\u00dcHRER<\/h4>\n\n\n\n<p>Christian Decker<br>Klaus Freese<br>&nbsp;<\/p>\n\n\n\n<h4 class=\"wp-block-heading\">HANDELSREGISTER<\/h4>\n\n\n\n<p>Amtsgericht Walsrode<br>HRB 121162<br>&nbsp;<\/p>\n\n\n\n<h4 class=\"wp-block-heading\">UMSATZSTEUER-ID<\/h4>\n\n\n\n<p>DE811628196<\/p>\n\n\n\n<p>DESMA ist bestrebt, auf dieser Website selbstverst\u00e4ndlich nur korrekte Informationen zu ver\u00f6ffentlichen. DESMA kann allerdings keine Garantie hierf\u00fcr \u00fcbernehmen, da durch st\u00e4ndige Aktualisierungen und Erg\u00e4nzungen die Informationen einer permanenten Ver\u00e4nderung unterliegen.<\/p>\n\n\n\n<p>DESMA haftet nicht f\u00fcr direkte oder indirekte Sch\u00e4den, die von der Nutzung der Informationen und Funktionen auf der Website entstehen k\u00f6nnten. Dies gilt insbesondere f\u00fcr Links zu anderen Websites, auf die DESMA keinen Einfluss hat, und f\u00fcr die Inhalte DESMA keine Verantwortung tr\u00e4gt.<\/p>\n\n\n\n<p>Antworten auf pers\u00f6nliche Fragen werden auf freiwilliger Basis durchgef\u00fchrt und werden vertraulich behandelt. Alle pers\u00f6nlichen Daten, die auf der Website eingegeben werden, sind ausschlie\u00dflich zu Ihrer individuellen Betreuung bestimmt, und werden nicht an Dritte au\u00dferhalb des Unternehmens weitergeleitet.<\/p>\n\n\n\n<p>Der Inhalt dieser Website ist urheberrechtlich gesch\u00fctzt. Zus\u00e4tzlich zum privaten Gebrauch ist die kommerzielle Nutzung nur mit vorheriger Zustimmung der DESMA gestattet.<\/p>\n\n\n\n<p>(c) 2023 Summer Techcamp <\/p>\n","protected":false},"excerpt":{"rendered":"<p>Verantwortlich f\u00fcr den Inhalt dieser Website: DESMA SCHUHMASCHINEN GMBH Desmastra\u00dfe 3\/528832 AchimDeutschland Tel.: +49 4202 990 0Fax.: +49 4202 990 210 info@desma.dewww.desma.de&nbsp; GESCH\u00c4FTSF\u00dcHRER Christian DeckerKlaus Freese&nbsp; HANDELSREGISTER Amtsgericht WalsrodeHRB 121162&nbsp; UMSATZSTEUER-ID DE811628196 DESMA ist bestrebt, auf dieser Website selbstverst\u00e4ndlich nur korrekte Informationen zu ver\u00f6ffentlichen. DESMA kann allerdings keine Garantie hierf\u00fcr \u00fcbernehmen, da durch st\u00e4ndige Aktualisierungen [&hellip;]<\/p>\n","protected":false},"author":1,"featured_media":0,"parent":0,"menu_order":0,"comment_status":"closed","ping_status":"open","template":"","meta":{"footnotes":""},"class_list":["post-2","page","type-page","status-publish","hentry"],"_links":{"self":[{"href":"https:\/\/summer-camp.org\/sc_web\/wp-json\/wp\/v2\/pages\/2","targetHints":{"allow":["GET"]}}],"collection":[{"href":"https:\/\/summer-camp.org\/sc_web\/wp-json\/wp\/v2\/pages"}],"about":[{"href":"https:\/\/summer-camp.org\/sc_web\/wp-json\/wp\/v2\/types\/page"}],"author":[{"embeddable":true,"href":"https:\/\/summer-camp.org\/sc_web\/wp-json\/wp\/v2\/users\/1"}],"replies":[{"embeddable":true,"href":"https:\/\/summer-camp.org\/sc_web\/wp-json\/wp\/v2\/comments?post=2"}],"version-history":[{"count":5,"href":"https:\/\/summer-camp.org\/sc_web\/wp-json\/wp\/v2\/pages\/2\/revisions"}],"predecessor-version":[{"id":4387,"href":"https:\/\/summer-camp.org\/sc_web\/wp-json\/wp\/v2\/pages\/2\/revisions\/4387"}],"wp:attachment":[{"href":"https:\/\/summer-camp.org\/sc_web\/wp-json\/wp\/v2\/media?parent=2"}],"curies":[{"name":"wp","href":"https:\/\/api.w.org\/{rel}","templated":true}]}}